{"id":21,"date":"2022-12-21T13:23:02","date_gmt":"2022-12-21T13:23:02","guid":{"rendered":"https:\/\/vettonialegal.com\/index.php\/formacion\/"},"modified":"2022-12-21T17:41:55","modified_gmt":"2022-12-21T17:41:55","slug":"formacion","status":"publish","type":"page","link":"https:\/\/vettonialegal.com\/index.php\/formacion\/","title":{"rendered":"Formaci\u00f3n"},"content":{"rendered":"\t\t<div data-elementor-type=\"wp-page\" data-elementor-id=\"21\" class=\"elementor elementor-21\" data-elementor-post-type=\"page\">\n\t\t\t\t\t\t<section class=\"elementor-section elementor-top-section elementor-element elementor-element-9ec139 elementor-section-boxed elementor-section-height-default elementor-section-height-default\" data-id=\"9ec139\" data-element_type=\"section\" data-settings=\"{&quot;background_background&quot;:&quot;classic&quot;,&quot;background_motion_fx_motion_fx_scrolling&quot;:&quot;yes&quot;,&quot;background_motion_fx_translateX_effect&quot;:&quot;yes&quot;,&quot;background_motion_fx_translateX_speed&quot;:{&quot;unit&quot;:&quot;px&quot;,&quot;size&quot;:4,&quot;sizes&quot;:[]},&quot;background_motion_fx_translateX_affectedRange&quot;:{&quot;unit&quot;:&quot;%&quot;,&quot;size&quot;:&quot;&quot;,&quot;sizes&quot;:{&quot;start&quot;:0,&quot;end&quot;:100}},&quot;background_motion_fx_devices&quot;:[&quot;desktop&quot;,&quot;tablet&quot;,&quot;mobile&quot;]}\">\n\t\t\t\t\t\t<div class=\"elementor-container elementor-column-gap-default\">\n\t\t\t\t\t<div class=\"elementor-column elementor-col-100 elementor-top-column elementor-element elementor-element-2b9fa8f6\" data-id=\"2b9fa8f6\" data-element_type=\"column\">\n\t\t\t<div class=\"elementor-widget-wrap elementor-element-populated\">\n\t\t\t\t\t\t<div class=\"elementor-element elementor-element-6f4a9729 elementor-widget elementor-widget-heading\" data-id=\"6f4a9729\" data-element_type=\"widget\" data-widget_type=\"heading.default\">\n\t\t\t\t<div class=\"elementor-widget-container\">\n\t\t\t<style>\/*! elementor - v3.22.0 - 17-06-2024 *\/\n.elementor-heading-title{padding:0;margin:0;line-height:1}.elementor-widget-heading .elementor-heading-title[class*=elementor-size-]>a{color:inherit;font-size:inherit;line-height:inherit}.elementor-widget-heading .elementor-heading-title.elementor-size-small{font-size:15px}.elementor-widget-heading .elementor-heading-title.elementor-size-medium{font-size:19px}.elementor-widget-heading .elementor-heading-title.elementor-size-large{font-size:29px}.elementor-widget-heading .elementor-heading-title.elementor-size-xl{font-size:39px}.elementor-widget-heading .elementor-heading-title.elementor-size-xxl{font-size:59px}<\/style><h2 class=\"elementor-heading-title elementor-size-default\">FORMACI\u00d3N DE LETRADOS<\/h2>\t\t<\/div>\n\t\t\t\t<\/div>\n\t\t\t\t\t<\/div>\n\t\t<\/div>\n\t\t\t\t\t<\/div>\n\t\t<\/section>\n\t\t\t\t<section class=\"elementor-section elementor-top-section elementor-element elementor-element-a0824b elementor-section-boxed elementor-section-height-default elementor-section-height-default\" data-id=\"a0824b\" data-element_type=\"section\" data-settings=\"{&quot;background_background&quot;:&quot;classic&quot;}\">\n\t\t\t\t\t\t\t<div class=\"elementor-background-overlay\"><\/div>\n\t\t\t\t\t\t\t<div class=\"elementor-container elementor-column-gap-wider\">\n\t\t\t\t\t<div class=\"elementor-column elementor-col-50 elementor-top-column elementor-element elementor-element-265dae3a\" data-id=\"265dae3a\" data-element_type=\"column\" data-settings=\"{&quot;background_background&quot;:&quot;classic&quot;}\">\n\t\t\t<div class=\"elementor-widget-wrap elementor-element-populated\">\n\t\t\t\t\t\t<div class=\"elementor-element elementor-element-73969b58 elementor-align-center elementor-widget elementor-widget-lottie\" data-id=\"73969b58\" data-element_type=\"widget\" data-settings=\"{&quot;source_json&quot;:{&quot;url&quot;:&quot;https:\\\/\\\/vettonialegal.com\\\/wp-content\\\/uploads\\\/2022\\\/12\\\/lf20_jk27jwtq.json&quot;,&quot;id&quot;:22,&quot;size&quot;:&quot;&quot;},&quot;loop&quot;:&quot;yes&quot;,&quot;source&quot;:&quot;media_file&quot;,&quot;caption_source&quot;:&quot;none&quot;,&quot;link_to&quot;:&quot;none&quot;,&quot;trigger&quot;:&quot;arriving_to_viewport&quot;,&quot;viewport&quot;:{&quot;unit&quot;:&quot;%&quot;,&quot;size&quot;:&quot;&quot;,&quot;sizes&quot;:{&quot;start&quot;:0,&quot;end&quot;:100}},&quot;play_speed&quot;:{&quot;unit&quot;:&quot;px&quot;,&quot;size&quot;:1,&quot;sizes&quot;:[]},&quot;start_point&quot;:{&quot;unit&quot;:&quot;%&quot;,&quot;size&quot;:0,&quot;sizes&quot;:[]},&quot;end_point&quot;:{&quot;unit&quot;:&quot;%&quot;,&quot;size&quot;:100,&quot;sizes&quot;:[]},&quot;renderer&quot;:&quot;svg&quot;}\" data-widget_type=\"lottie.default\">\n\t\t\t\t<div class=\"elementor-widget-container\">\n\t\t\t<style>\/*! elementor-pro - v3.20.0 - 11-03-2024 *\/\n.e-lottie__container{display:inline-block;max-width:var(--lottie-container-max-width);width:var(--lottie-container-width);opacity:var(--lottie-container-opacity)}.e-lottie__container:hover{opacity:var(--lottie-container-opacity-hover);transition-duration:var(--lottie-container-transition-duration-hover)}.e-lottie__container svg,.e-lottie__container svg *{transition:none!important}.e-lottie__caption{color:var(--caption-color);margin-top:var(--caption-margin-top);text-align:var(--caption-text-align)}<\/style><div class=\"e-lottie__container\"><div class=\"e-lottie__animation\"><\/div><\/div>\t\t<\/div>\n\t\t\t\t<\/div>\n\t\t\t\t\t<\/div>\n\t\t<\/div>\n\t\t\t\t<div class=\"elementor-column elementor-col-50 elementor-top-column elementor-element elementor-element-3cfa17a7\" data-id=\"3cfa17a7\" data-element_type=\"column\" data-settings=\"{&quot;background_background&quot;:&quot;classic&quot;}\">\n\t\t\t<div class=\"elementor-widget-wrap elementor-element-populated\">\n\t\t\t\t\t\t<div class=\"elementor-element elementor-element-9e7f498 elementor-invisible elementor-widget elementor-widget-text-editor\" data-id=\"9e7f498\" data-element_type=\"widget\" data-settings=\"{&quot;_animation&quot;:&quot;fadeInRight&quot;}\" data-widget_type=\"text-editor.default\">\n\t\t\t\t<div class=\"elementor-widget-container\">\n\t\t\t<style>\/*! elementor - v3.22.0 - 17-06-2024 *\/\n.elementor-widget-text-editor.elementor-drop-cap-view-stacked .elementor-drop-cap{background-color:#69727d;color:#fff}.elementor-widget-text-editor.elementor-drop-cap-view-framed .elementor-drop-cap{color:#69727d;border:3px solid;background-color:transparent}.elementor-widget-text-editor:not(.elementor-drop-cap-view-default) .elementor-drop-cap{margin-top:8px}.elementor-widget-text-editor:not(.elementor-drop-cap-view-default) .elementor-drop-cap-letter{width:1em;height:1em}.elementor-widget-text-editor .elementor-drop-cap{float:left;text-align:center;line-height:1;font-size:50px}.elementor-widget-text-editor .elementor-drop-cap-letter{display:inline-block}<\/style>\t\t\t\t<p>Desde Vettonia Legal se han formado letrados que ejercen con gran capacidad para el ejercicio en los Juzgados y Tribunales, a trav\u00e9s de convenios con las principales Universidades.<\/p><p>Nuestros letrados forman a los nuevos letrados en el ejercicio de la profesi\u00f3n ense\u00f1\u00e1ndolos como es el d\u00eda a d\u00eda tanto dentro del despacho como fuera de \u00e9l.<br \/>Todos los alumnos en pr\u00e1cticas acuden con nuestros letrados d\u00eda a d\u00eda a los Juzgados y Tribunales acompa\u00f1\u00e1ndolos a Juicios y a todo tipo de actuaciones, intentando que formen parte de todos los actos que se realicen tanto como fuera de los Juzgados y Tribunales.<\/p><p>Aprenden la redacci\u00f3n de todo tipo de escritos y a tener contacto directo con los clientes siempre con permiso previo de estos.<\/p><p>Cuando nuestros alumnos terminan su periodo de pr\u00e1cticas se encuentran con la formaci\u00f3n necesaria para poder ejercer la profesi\u00f3n en aquellas \u00e1reas de inter\u00e9s del alumno, manteniendo siempre el contacto con Vettonia Legal Abogados para todo aquello que pudieran necesitar, contando as\u00ed con una red de abogados en contacto continuo.<\/p>\t\t\t\t\t\t<\/div>\n\t\t\t\t<\/div>\n\t\t\t\t\t<\/div>\n\t\t<\/div>\n\t\t\t\t\t<\/div>\n\t\t<\/section>\n\t\t\t\t<\/div>\n\t\t","protected":false},"excerpt":{"rendered":"<p>FORMACI\u00d3N DE LETRADOS Desde Vettonia Legal se han formado letrados que ejercen con gran capacidad para el ejercicio en los Juzgados y Tribunales, a trav\u00e9s de convenios con las principales Universidades. Nuestros letrados forman a los nuevos letrados en el ejercicio de la profesi\u00f3n ense\u00f1\u00e1ndolos como es el d\u00eda a d\u00eda tanto dentro del despacho [&hellip;]<\/p>\n","protected":false},"author":1,"featured_media":70,"parent":0,"menu_order":0,"comment_status":"closed","ping_status":"closed","template":"","meta":{"footnotes":""},"class_list":["post-21","page","type-page","status-publish","has-post-thumbnail","hentry"],"yoast_head":"<!-- This site is optimized with the Yoast SEO plugin v22.8 - https:\/\/yoast.com\/wordpress\/plugins\/seo\/ -->\n<title>Formaci\u00f3n - VETTONIA LEGAL ABOGADOS<\/title>\n<meta name=\"description\" content=\"Desde Vettonia Legal se han formado letrados que ejercen con gran capacidad para el ejercicio en los Juzgados y Tribunales, a trav\u00e9s de convenios con las principales Universidades.\" \/>\n<meta name=\"robots\" content=\"index, follow, max-snippet:-1, max-image-preview:large, max-video-preview:-1\" \/>\n<link rel=\"canonical\" href=\"https:\/\/vettonialegal.com\/index.php\/formacion\/\" \/>\n<meta property=\"og:locale\" content=\"es_ES\" \/>\n<meta property=\"og:type\" content=\"article\" \/>\n<meta property=\"og:title\" content=\"Formaci\u00f3n - VETTONIA LEGAL ABOGADOS\" \/>\n<meta property=\"og:description\" content=\"Desde Vettonia Legal se han formado letrados que ejercen con gran capacidad para el ejercicio en los Juzgados y Tribunales, a trav\u00e9s de convenios con las principales Universidades.\" \/>\n<meta property=\"og:url\" content=\"https:\/\/vettonialegal.com\/index.php\/formacion\/\" \/>\n<meta property=\"og:site_name\" content=\"VETTONIA LEGAL ABOGADOS\" \/>\n<meta property=\"article:modified_time\" content=\"2022-12-21T17:41:55+00:00\" \/>\n<meta property=\"og:image\" content=\"https:\/\/vettonialegal.com\/wp-content\/uploads\/2022\/12\/vettonia_logo_1.png\" \/>\n\t<meta property=\"og:image:width\" content=\"354\" \/>\n\t<meta property=\"og:image:height\" content=\"265\" \/>\n\t<meta property=\"og:image:type\" content=\"image\/png\" \/>\n<meta name=\"twitter:card\" content=\"summary_large_image\" \/>\n<meta name=\"twitter:label1\" content=\"Tiempo de lectura\" \/>\n\t<meta name=\"twitter:data1\" content=\"1 minuto\" \/>\n<script type=\"application\/ld+json\" class=\"yoast-schema-graph\">{\"@context\":\"https:\/\/schema.org\",\"@graph\":[{\"@type\":\"WebPage\",\"@id\":\"https:\/\/vettonialegal.com\/index.php\/formacion\/\",\"url\":\"https:\/\/vettonialegal.com\/index.php\/formacion\/\",\"name\":\"Formaci\u00f3n - VETTONIA LEGAL ABOGADOS\",\"isPartOf\":{\"@id\":\"https:\/\/vettonialegal.com\/#website\"},\"primaryImageOfPage\":{\"@id\":\"https:\/\/vettonialegal.com\/index.php\/formacion\/#primaryimage\"},\"image\":{\"@id\":\"https:\/\/vettonialegal.com\/index.php\/formacion\/#primaryimage\"},\"thumbnailUrl\":\"https:\/\/vettonialegal.com\/wp-content\/uploads\/2022\/12\/vettonia_logo_1.png\",\"datePublished\":\"2022-12-21T13:23:02+00:00\",\"dateModified\":\"2022-12-21T17:41:55+00:00\",\"description\":\"Desde Vettonia Legal se han formado letrados que ejercen con gran capacidad para el ejercicio en los Juzgados y Tribunales, a trav\u00e9s de convenios con las principales Universidades.\",\"breadcrumb\":{\"@id\":\"https:\/\/vettonialegal.com\/index.php\/formacion\/#breadcrumb\"},\"inLanguage\":\"es\",\"potentialAction\":[{\"@type\":\"ReadAction\",\"target\":[\"https:\/\/vettonialegal.com\/index.php\/formacion\/\"]}]},{\"@type\":\"ImageObject\",\"inLanguage\":\"es\",\"@id\":\"https:\/\/vettonialegal.com\/index.php\/formacion\/#primaryimage\",\"url\":\"https:\/\/vettonialegal.com\/wp-content\/uploads\/2022\/12\/vettonia_logo_1.png\",\"contentUrl\":\"https:\/\/vettonialegal.com\/wp-content\/uploads\/2022\/12\/vettonia_logo_1.png\",\"width\":354,\"height\":265},{\"@type\":\"BreadcrumbList\",\"@id\":\"https:\/\/vettonialegal.com\/index.php\/formacion\/#breadcrumb\",\"itemListElement\":[{\"@type\":\"ListItem\",\"position\":1,\"name\":\"Portada\",\"item\":\"https:\/\/vettonialegal.com\/\"},{\"@type\":\"ListItem\",\"position\":2,\"name\":\"Formaci\u00f3n\"}]},{\"@type\":\"WebSite\",\"@id\":\"https:\/\/vettonialegal.com\/#website\",\"url\":\"https:\/\/vettonialegal.com\/\",\"name\":\"VETTONIA LEGAL ABOGADOS\",\"description\":\"Vettonia Legal despacho de abogados\",\"publisher\":{\"@id\":\"https:\/\/vettonialegal.com\/#organization\"},\"potentialAction\":[{\"@type\":\"SearchAction\",\"target\":{\"@type\":\"EntryPoint\",\"urlTemplate\":\"https:\/\/vettonialegal.com\/?s={search_term_string}\"},\"query-input\":\"required name=search_term_string\"}],\"inLanguage\":\"es\"},{\"@type\":\"Organization\",\"@id\":\"https:\/\/vettonialegal.com\/#organization\",\"name\":\"VETTONIA LEGAL ABOGADOS\",\"url\":\"https:\/\/vettonialegal.com\/\",\"logo\":{\"@type\":\"ImageObject\",\"inLanguage\":\"es\",\"@id\":\"https:\/\/vettonialegal.com\/#\/schema\/logo\/image\/\",\"url\":\"https:\/\/vettonialegal.com\/wp-content\/uploads\/2022\/12\/vettonia_logo_1.png\",\"contentUrl\":\"https:\/\/vettonialegal.com\/wp-content\/uploads\/2022\/12\/vettonia_logo_1.png\",\"width\":354,\"height\":265,\"caption\":\"VETTONIA LEGAL ABOGADOS\"},\"image\":{\"@id\":\"https:\/\/vettonialegal.com\/#\/schema\/logo\/image\/\"}}]}<\/script>\n<!-- \/ Yoast SEO plugin. -->","yoast_head_json":{"title":"Formaci\u00f3n - VETTONIA LEGAL ABOGADOS","description":"Desde Vettonia Legal se han formado letrados que ejercen con gran capacidad para el ejercicio en los Juzgados y Tribunales, a trav\u00e9s de convenios con las principales Universidades.","robots":{"index":"index","follow":"follow","max-snippet":"max-snippet:-1","max-image-preview":"max-image-preview:large","max-video-preview":"max-video-preview:-1"},"canonical":"https:\/\/vettonialegal.com\/index.php\/formacion\/","og_locale":"es_ES","og_type":"article","og_title":"Formaci\u00f3n - VETTONIA LEGAL ABOGADOS","og_description":"Desde Vettonia Legal se han formado letrados que ejercen con gran capacidad para el ejercicio en los Juzgados y Tribunales, a trav\u00e9s de convenios con las principales Universidades.","og_url":"https:\/\/vettonialegal.com\/index.php\/formacion\/","og_site_name":"VETTONIA LEGAL ABOGADOS","article_modified_time":"2022-12-21T17:41:55+00:00","og_image":[{"width":354,"height":265,"url":"https:\/\/vettonialegal.com\/wp-content\/uploads\/2022\/12\/vettonia_logo_1.png","type":"image\/png"}],"twitter_card":"summary_large_image","twitter_misc":{"Tiempo de lectura":"1 minuto"},"schema":{"@context":"https:\/\/schema.org","@graph":[{"@type":"WebPage","@id":"https:\/\/vettonialegal.com\/index.php\/formacion\/","url":"https:\/\/vettonialegal.com\/index.php\/formacion\/","name":"Formaci\u00f3n - VETTONIA LEGAL ABOGADOS","isPartOf":{"@id":"https:\/\/vettonialegal.com\/#website"},"primaryImageOfPage":{"@id":"https:\/\/vettonialegal.com\/index.php\/formacion\/#primaryimage"},"image":{"@id":"https:\/\/vettonialegal.com\/index.php\/formacion\/#primaryimage"},"thumbnailUrl":"https:\/\/vettonialegal.com\/wp-content\/uploads\/2022\/12\/vettonia_logo_1.png","datePublished":"2022-12-21T13:23:02+00:00","dateModified":"2022-12-21T17:41:55+00:00","description":"Desde Vettonia Legal se han formado letrados que ejercen con gran capacidad para el ejercicio en los Juzgados y Tribunales, a trav\u00e9s de convenios con las principales Universidades.","breadcrumb":{"@id":"https:\/\/vettonialegal.com\/index.php\/formacion\/#breadcrumb"},"inLanguage":"es","potentialAction":[{"@type":"ReadAction","target":["https:\/\/vettonialegal.com\/index.php\/formacion\/"]}]},{"@type":"ImageObject","inLanguage":"es","@id":"https:\/\/vettonialegal.com\/index.php\/formacion\/#primaryimage","url":"https:\/\/vettonialegal.com\/wp-content\/uploads\/2022\/12\/vettonia_logo_1.png","contentUrl":"https:\/\/vettonialegal.com\/wp-content\/uploads\/2022\/12\/vettonia_logo_1.png","width":354,"height":265},{"@type":"BreadcrumbList","@id":"https:\/\/vettonialegal.com\/index.php\/formacion\/#breadcrumb","itemListElement":[{"@type":"ListItem","position":1,"name":"Portada","item":"https:\/\/vettonialegal.com\/"},{"@type":"ListItem","position":2,"name":"Formaci\u00f3n"}]},{"@type":"WebSite","@id":"https:\/\/vettonialegal.com\/#website","url":"https:\/\/vettonialegal.com\/","name":"VETTONIA LEGAL ABOGADOS","description":"Vettonia Legal despacho de abogados","publisher":{"@id":"https:\/\/vettonialegal.com\/#organization"},"potentialAction":[{"@type":"SearchAction","target":{"@type":"EntryPoint","urlTemplate":"https:\/\/vettonialegal.com\/?s={search_term_string}"},"query-input":"required name=search_term_string"}],"inLanguage":"es"},{"@type":"Organization","@id":"https:\/\/vettonialegal.com\/#organization","name":"VETTONIA LEGAL ABOGADOS","url":"https:\/\/vettonialegal.com\/","logo":{"@type":"ImageObject","inLanguage":"es","@id":"https:\/\/vettonialegal.com\/#\/schema\/logo\/image\/","url":"https:\/\/vettonialegal.com\/wp-content\/uploads\/2022\/12\/vettonia_logo_1.png","contentUrl":"https:\/\/vettonialegal.com\/wp-content\/uploads\/2022\/12\/vettonia_logo_1.png","width":354,"height":265,"caption":"VETTONIA LEGAL ABOGADOS"},"image":{"@id":"https:\/\/vettonialegal.com\/#\/schema\/logo\/image\/"}}]}},"_links":{"self":[{"href":"https:\/\/vettonialegal.com\/index.php\/wp-json\/wp\/v2\/pages\/21","targetHints":{"allow":["GET"]}}],"collection":[{"href":"https:\/\/vettonialegal.com\/index.php\/wp-json\/wp\/v2\/pages"}],"about":[{"href":"https:\/\/vettonialegal.com\/index.php\/wp-json\/wp\/v2\/types\/page"}],"author":[{"embeddable":true,"href":"https:\/\/vettonialegal.com\/index.php\/wp-json\/wp\/v2\/users\/1"}],"replies":[{"embeddable":true,"href":"https:\/\/vettonialegal.com\/index.php\/wp-json\/wp\/v2\/comments?post=21"}],"version-history":[{"count":7,"href":"https:\/\/vettonialegal.com\/index.php\/wp-json\/wp\/v2\/pages\/21\/revisions"}],"predecessor-version":[{"id":143,"href":"https:\/\/vettonialegal.com\/index.php\/wp-json\/wp\/v2\/pages\/21\/revisions\/143"}],"wp:featuredmedia":[{"embeddable":true,"href":"https:\/\/vettonialegal.com\/index.php\/wp-json\/wp\/v2\/media\/70"}],"wp:attachment":[{"href":"https:\/\/vettonialegal.com\/index.php\/wp-json\/wp\/v2\/media?parent=21"}],"curies":[{"name":"wp","href":"https:\/\/api.w.org\/{rel}","templated":true}]}}